{"id":30,"date":"2022-12-15T12:52:48","date_gmt":"2022-12-15T11:52:48","guid":{"rendered":"https:\/\/kochanhaengerwerke.de\/_wp_\/wordpress\/?page_id=30"},"modified":"2023-01-17T09:42:56","modified_gmt":"2023-01-17T08:42:56","slug":"anhaenger-pflege","status":"publish","type":"page","link":"https:\/\/www.kochanhaengerwerke.de\/ratgeber\/anhaenger-pflege\/","title":{"rendered":"Anh\u00e4nger Pflege"},"content":{"rendered":"<section class=\"l-section wpb_row height_medium\"><div class=\"l-section-h i-cf\"><div class=\"g-cols vc_row via_grid cols_1 laptops-cols_inherit tablets-cols_inherit mobiles-cols_1 valign_top type_default stacking_default\"><div class=\"wpb_column vc_column_container\"><div class=\"vc_column-inner\"><div class=\"wpb_text_column\"><div class=\"wpb_wrapper\"><h1>Anh\u00e4nger Pflege<\/h1>\n<\/div><\/div><div class=\"w-separator size_medium\"><\/div><div class=\"w-grid us_grid type_grid layout_blog_1 cols_4 preload_style_spinner\" id=\"us_grid_1\" style=\"--columns:4;--gap:1.5rem;\" data-filterable=\"true\"><style>@media (max-width:1280px){#us_grid_1{--columns:3!important}}@media (max-width:1024px){#us_grid_1{--columns:2!important}}@media (max-width:600px){#us_grid_1{--columns:1!important}}.layout_blog_1 .w-grid-item-h{}.layout_blog_1 .usg_post_image_1{margin-bottom:0.5rem!important}.layout_blog_1 .usg_post_title_1{font-size:1rem!important}<\/style><div class=\"w-grid-list\">\t<article class=\"w-grid-item size_1x1 post-165 post type-post status-publish format-standard has-post-thumbnail hentry category-anhaenger-pflege\" data-id=\"165\">\r\n\t\t<div class=\"w-grid-item-h\">\r\n\t\t\t\t\t\t<div class=\"w-post-elm post_image usg_post_image_1 stretched\"><a href=\"https:\/\/www.kochanhaengerwerke.de\/ratgeber\/wie-pflege-ich-meinen-anhaenger\/\" aria-label=\"Wie pflege ich meinen Anh\u00e4nger?\"><img loading=\"lazy\" decoding=\"async\" width=\"800\" height=\"600\" src=\"https:\/\/www.kochanhaengerwerke.de\/ratgeber\/wp-content\/uploads\/2022\/12\/Koch_Offroad-Anh-nger_1_800x800.jpg\" class=\"attachment-large size-large wp-post-image\" alt=\"\" srcset=\"https:\/\/www.kochanhaengerwerke.de\/ratgeber\/wp-content\/uploads\/2022\/12\/Koch_Offroad-Anh-nger_1_800x800.jpg 800w, https:\/\/www.kochanhaengerwerke.de\/ratgeber\/wp-content\/uploads\/2022\/12\/Koch_Offroad-Anh-nger_1_800x800-300x225.jpg 300w\" sizes=\"auto, (max-width: 800px) 100vw, 800px\" \/><\/a><\/div><h2 class=\"w-post-elm post_title usg_post_title_1 entry-title color_link_inherit\"><a href=\"https:\/\/www.kochanhaengerwerke.de\/ratgeber\/wie-pflege-ich-meinen-anhaenger\/\">Wie pflege ich meinen Anh\u00e4nger?<\/a><\/h2>\t\t<\/div>\r\n\t\t\t<\/article>\r\n<\/div>\t<div class=\"w-grid-preloader\">\r\n\t\t<div class=\"g-preloader type_1\">\r\n\t\t\t<div><\/div>\r\n\t\t<\/div>\r\n\t<\/div>\r\n\t\t<div class=\"w-grid-json hidden\" onclick='return {&quot;action&quot;:&quot;us_ajax_grid&quot;,&quot;infinite_scroll&quot;:0,&quot;max_num_pages&quot;:1,&quot;pagination&quot;:&quot;none&quot;,&quot;template_vars&quot;:{&quot;columns&quot;:&quot;4&quot;,&quot;exclude_items&quot;:&quot;none&quot;,&quot;img_size&quot;:&quot;default&quot;,&quot;ignore_items_size&quot;:0,&quot;items_layout&quot;:&quot;blog_1&quot;,&quot;items_offset&quot;:&quot;1&quot;,&quot;load_animation&quot;:&quot;none&quot;,&quot;overriding_link&quot;:&quot;{\\&quot;url\\&quot;:\\&quot;\\&quot;}&quot;,&quot;post_id&quot;:0,&quot;query_args&quot;:{&quot;post_type&quot;:[&quot;post&quot;],&quot;tax_query&quot;:[{&quot;taxonomy&quot;:&quot;category&quot;,&quot;field&quot;:&quot;slug&quot;,&quot;terms&quot;:[&quot;anhaenger-pflege&quot;]}],&quot;post_status&quot;:[&quot;publish&quot;],&quot;posts_per_page&quot;:&quot;10&quot;},&quot;orderby_query_args&quot;:{&quot;orderby&quot;:{&quot;menu_order&quot;:&quot;ASC&quot;},&quot;order&quot;:&quot;ASC&quot;},&quot;type&quot;:&quot;grid&quot;,&quot;us_grid_post_type&quot;:&quot;post&quot;,&quot;us_grid_ajax_index&quot;:1,&quot;us_grid_filter_query_string&quot;:null,&quot;us_grid_index&quot;:1,&quot;page_args&quot;:[]}}'><\/div>\r\n\t<\/div><\/div><\/div><\/div><\/div><\/section>\n","protected":false},"excerpt":{"rendered":"Wie pflege ich meinen Anh\u00e4nger am besten? Die Pflege von Anh\u00e4ngern ist wichtig, um die Langlebigkeit Ihres Anh\u00e4ngers zu gew\u00e4hrleisten und ihn richtig zu warten. Wenn Sie sich die Zeit nehmen, Ihren Anh\u00e4nger ordnungsgem\u00e4\u00df zu warten und zu inspizieren, sparen Sie auf lange Sicht Geld. In diesem Leitfaden gehen wir auf die Schritte ein, die...","protected":false},"author":1,"featured_media":58,"parent":0,"menu_order":20,"comment_status":"closed","ping_status":"closed","template":"","meta":{"_daextamp_enable_autolinks":"","footnotes":""},"class_list":["post-30","page","type-page","status-publish","has-post-thumbnail","hentry"],"yoast_head":"<!-- This site is optimized with the Yoast SEO plugin v27.4 - https:\/\/yoast.com\/product\/yoast-seo-wordpress\/ -->\n<title>Anh\u00e4nger Pflege - Koch Anh\u00e4ngerwerke Ratgeber<\/title>\n<meta name=\"robots\" content=\"index, follow, max-snippet:-1, max-image-preview:large, max-video-preview:-1\" \/>\n<link rel=\"canonical\" href=\"https:\/\/www.kochanhaengerwerke.de\/ratgeber\/anhaenger-pflege\/\" \/>\n<meta property=\"og:locale\" content=\"de_DE\" \/>\n<meta property=\"og:type\" content=\"article\" \/>\n<meta property=\"og:title\" content=\"Anh\u00e4nger Pflege - Koch Anh\u00e4ngerwerke Ratgeber\" \/>\n<meta property=\"og:url\" content=\"https:\/\/www.kochanhaengerwerke.de\/ratgeber\/anhaenger-pflege\/\" \/>\n<meta property=\"og:site_name\" content=\"Koch Anh\u00e4ngerwerke Ratgeber\" \/>\n<meta property=\"article:modified_time\" content=\"2023-01-17T08:42:56+00:00\" \/>\n<meta property=\"og:image\" content=\"https:\/\/www.kochanhaengerwerke.de\/ratgeber\/wp-content\/uploads\/2022\/12\/Koch_Offroad-Anh-nger_1_800x800.jpg\" \/>\n\t<meta property=\"og:image:width\" content=\"800\" \/>\n\t<meta property=\"og:image:height\" content=\"600\" \/>\n\t<meta property=\"og:image:type\" content=\"image\/jpeg\" \/>\n<meta name=\"twitter:card\" content=\"summary_large_image\" \/>\n<meta name=\"twitter:label1\" content=\"Gesch\u00e4tzte Lesezeit\" \/>\n\t<meta name=\"twitter:data1\" content=\"1\u00a0Minute\" \/>\n<script type=\"application\/ld+json\" class=\"yoast-schema-graph\">{\"@context\":\"https:\\\/\\\/schema.org\",\"@graph\":[{\"@type\":\"WebPage\",\"@id\":\"https:\\\/\\\/www.kochanhaengerwerke.de\\\/ratgeber\\\/anhaenger-pflege\\\/\",\"url\":\"https:\\\/\\\/www.kochanhaengerwerke.de\\\/ratgeber\\\/anhaenger-pflege\\\/\",\"name\":\"Anh\u00e4nger Pflege - Koch Anh\u00e4ngerwerke Ratgeber\",\"isPartOf\":{\"@id\":\"https:\\\/\\\/www.kochanhaengerwerke.de\\\/ratgeber\\\/#website\"},\"primaryImageOfPage\":{\"@id\":\"https:\\\/\\\/www.kochanhaengerwerke.de\\\/ratgeber\\\/anhaenger-pflege\\\/#primaryimage\"},\"image\":{\"@id\":\"https:\\\/\\\/www.kochanhaengerwerke.de\\\/ratgeber\\\/anhaenger-pflege\\\/#primaryimage\"},\"thumbnailUrl\":\"https:\\\/\\\/www.kochanhaengerwerke.de\\\/ratgeber\\\/wp-content\\\/uploads\\\/2022\\\/12\\\/Koch_Offroad-Anh-nger_1_800x800.jpg\",\"datePublished\":\"2022-12-15T11:52:48+00:00\",\"dateModified\":\"2023-01-17T08:42:56+00:00\",\"breadcrumb\":{\"@id\":\"https:\\\/\\\/www.kochanhaengerwerke.de\\\/ratgeber\\\/anhaenger-pflege\\\/#breadcrumb\"},\"inLanguage\":\"de\",\"potentialAction\":[{\"@type\":\"ReadAction\",\"target\":[\"https:\\\/\\\/www.kochanhaengerwerke.de\\\/ratgeber\\\/anhaenger-pflege\\\/\"]}]},{\"@type\":\"ImageObject\",\"inLanguage\":\"de\",\"@id\":\"https:\\\/\\\/www.kochanhaengerwerke.de\\\/ratgeber\\\/anhaenger-pflege\\\/#primaryimage\",\"url\":\"https:\\\/\\\/www.kochanhaengerwerke.de\\\/ratgeber\\\/wp-content\\\/uploads\\\/2022\\\/12\\\/Koch_Offroad-Anh-nger_1_800x800.jpg\",\"contentUrl\":\"https:\\\/\\\/www.kochanhaengerwerke.de\\\/ratgeber\\\/wp-content\\\/uploads\\\/2022\\\/12\\\/Koch_Offroad-Anh-nger_1_800x800.jpg\",\"width\":800,\"height\":600},{\"@type\":\"BreadcrumbList\",\"@id\":\"https:\\\/\\\/www.kochanhaengerwerke.de\\\/ratgeber\\\/anhaenger-pflege\\\/#breadcrumb\",\"itemListElement\":[{\"@type\":\"ListItem\",\"position\":1,\"name\":\"Startseite\",\"item\":\"https:\\\/\\\/www.kochanhaengerwerke.de\\\/ratgeber\\\/\"},{\"@type\":\"ListItem\",\"position\":2,\"name\":\"Anh\u00e4nger Pflege\"}]},{\"@type\":\"WebSite\",\"@id\":\"https:\\\/\\\/www.kochanhaengerwerke.de\\\/ratgeber\\\/#website\",\"url\":\"https:\\\/\\\/www.kochanhaengerwerke.de\\\/ratgeber\\\/\",\"name\":\"Koch Anh\u00e4ngerwerke Ratgeber\",\"description\":\"Der Ratgeber rund um das Thema Anh\u00e4nger\",\"potentialAction\":[{\"@type\":\"SearchAction\",\"target\":{\"@type\":\"EntryPoint\",\"urlTemplate\":\"https:\\\/\\\/www.kochanhaengerwerke.de\\\/ratgeber\\\/?s={search_term_string}\"},\"query-input\":{\"@type\":\"PropertyValueSpecification\",\"valueRequired\":true,\"valueName\":\"search_term_string\"}}],\"inLanguage\":\"de\"}]}<\/script>\n<!-- \/ Yoast SEO plugin. -->","yoast_head_json":{"title":"Anh\u00e4nger Pflege - Koch Anh\u00e4ngerwerke Ratgeber","robots":{"index":"index","follow":"follow","max-snippet":"max-snippet:-1","max-image-preview":"max-image-preview:large","max-video-preview":"max-video-preview:-1"},"canonical":"https:\/\/www.kochanhaengerwerke.de\/ratgeber\/anhaenger-pflege\/","og_locale":"de_DE","og_type":"article","og_title":"Anh\u00e4nger Pflege - Koch Anh\u00e4ngerwerke Ratgeber","og_url":"https:\/\/www.kochanhaengerwerke.de\/ratgeber\/anhaenger-pflege\/","og_site_name":"Koch Anh\u00e4ngerwerke Ratgeber","article_modified_time":"2023-01-17T08:42:56+00:00","og_image":[{"width":800,"height":600,"url":"https:\/\/www.kochanhaengerwerke.de\/ratgeber\/wp-content\/uploads\/2022\/12\/Koch_Offroad-Anh-nger_1_800x800.jpg","type":"image\/jpeg"}],"twitter_card":"summary_large_image","twitter_misc":{"Gesch\u00e4tzte Lesezeit":"1\u00a0Minute"},"schema":{"@context":"https:\/\/schema.org","@graph":[{"@type":"WebPage","@id":"https:\/\/www.kochanhaengerwerke.de\/ratgeber\/anhaenger-pflege\/","url":"https:\/\/www.kochanhaengerwerke.de\/ratgeber\/anhaenger-pflege\/","name":"Anh\u00e4nger Pflege - Koch Anh\u00e4ngerwerke Ratgeber","isPartOf":{"@id":"https:\/\/www.kochanhaengerwerke.de\/ratgeber\/#website"},"primaryImageOfPage":{"@id":"https:\/\/www.kochanhaengerwerke.de\/ratgeber\/anhaenger-pflege\/#primaryimage"},"image":{"@id":"https:\/\/www.kochanhaengerwerke.de\/ratgeber\/anhaenger-pflege\/#primaryimage"},"thumbnailUrl":"https:\/\/www.kochanhaengerwerke.de\/ratgeber\/wp-content\/uploads\/2022\/12\/Koch_Offroad-Anh-nger_1_800x800.jpg","datePublished":"2022-12-15T11:52:48+00:00","dateModified":"2023-01-17T08:42:56+00:00","breadcrumb":{"@id":"https:\/\/www.kochanhaengerwerke.de\/ratgeber\/anhaenger-pflege\/#breadcrumb"},"inLanguage":"de","potentialAction":[{"@type":"ReadAction","target":["https:\/\/www.kochanhaengerwerke.de\/ratgeber\/anhaenger-pflege\/"]}]},{"@type":"ImageObject","inLanguage":"de","@id":"https:\/\/www.kochanhaengerwerke.de\/ratgeber\/anhaenger-pflege\/#primaryimage","url":"https:\/\/www.kochanhaengerwerke.de\/ratgeber\/wp-content\/uploads\/2022\/12\/Koch_Offroad-Anh-nger_1_800x800.jpg","contentUrl":"https:\/\/www.kochanhaengerwerke.de\/ratgeber\/wp-content\/uploads\/2022\/12\/Koch_Offroad-Anh-nger_1_800x800.jpg","width":800,"height":600},{"@type":"BreadcrumbList","@id":"https:\/\/www.kochanhaengerwerke.de\/ratgeber\/anhaenger-pflege\/#breadcrumb","itemListElement":[{"@type":"ListItem","position":1,"name":"Startseite","item":"https:\/\/www.kochanhaengerwerke.de\/ratgeber\/"},{"@type":"ListItem","position":2,"name":"Anh\u00e4nger Pflege"}]},{"@type":"WebSite","@id":"https:\/\/www.kochanhaengerwerke.de\/ratgeber\/#website","url":"https:\/\/www.kochanhaengerwerke.de\/ratgeber\/","name":"Koch Anh\u00e4ngerwerke Ratgeber","description":"Der Ratgeber rund um das Thema Anh\u00e4nger","potentialAction":[{"@type":"SearchAction","target":{"@type":"EntryPoint","urlTemplate":"https:\/\/www.kochanhaengerwerke.de\/ratgeber\/?s={search_term_string}"},"query-input":{"@type":"PropertyValueSpecification","valueRequired":true,"valueName":"search_term_string"}}],"inLanguage":"de"}]}},"_links":{"self":[{"href":"https:\/\/www.kochanhaengerwerke.de\/ratgeber\/wp-json\/wp\/v2\/pages\/30","targetHints":{"allow":["GET"]}}],"collection":[{"href":"https:\/\/www.kochanhaengerwerke.de\/ratgeber\/wp-json\/wp\/v2\/pages"}],"about":[{"href":"https:\/\/www.kochanhaengerwerke.de\/ratgeber\/wp-json\/wp\/v2\/types\/page"}],"author":[{"embeddable":true,"href":"https:\/\/www.kochanhaengerwerke.de\/ratgeber\/wp-json\/wp\/v2\/users\/1"}],"replies":[{"embeddable":true,"href":"https:\/\/www.kochanhaengerwerke.de\/ratgeber\/wp-json\/wp\/v2\/comments?post=30"}],"version-history":[{"count":5,"href":"https:\/\/www.kochanhaengerwerke.de\/ratgeber\/wp-json\/wp\/v2\/pages\/30\/revisions"}],"predecessor-version":[{"id":174,"href":"https:\/\/www.kochanhaengerwerke.de\/ratgeber\/wp-json\/wp\/v2\/pages\/30\/revisions\/174"}],"wp:featuredmedia":[{"embeddable":true,"href":"https:\/\/www.kochanhaengerwerke.de\/ratgeber\/wp-json\/wp\/v2\/media\/58"}],"wp:attachment":[{"href":"https:\/\/www.kochanhaengerwerke.de\/ratgeber\/wp-json\/wp\/v2\/media?parent=30"}],"curies":[{"name":"wp","href":"https:\/\/api.w.org\/{rel}","templated":true}]}}