{"id":6,"date":"2022-12-15T11:44:48","date_gmt":"2022-12-15T10:44:48","guid":{"rendered":"https:\/\/kochanhaengerwerke.de\/_wp_\/wordpress\/?page_id=6"},"modified":"2022-12-15T14:09:55","modified_gmt":"2022-12-15T13:09:55","slug":"kofferanhaenger-test","status":"publish","type":"page","link":"https:\/\/www.kochanhaengerwerke.de\/ratgeber\/kofferanhaenger-test\/","title":{"rendered":"Kofferanh\u00e4nger Test"},"content":{"rendered":"<section class=\"l-section wpb_row height_medium\"><div class=\"l-section-h i-cf\"><div class=\"g-cols vc_row via_grid cols_1 laptops-cols_inherit tablets-cols_inherit mobiles-cols_1 valign_top type_default stacking_default\"><div class=\"wpb_column vc_column_container\"><div class=\"vc_column-inner\"><div class=\"wpb_text_column\"><div class=\"wpb_wrapper\"><div class=\"emotion--row row--1\">\n<div class=\"emotion--element col-1 row-1 start-col-1 start-row-1 col-xs-12 start-col-xs-1 row-xs-1 start-row-xs-1 col-s-12 start-col-s-1 row-s-1 start-row-s-1 col-m-12 start-col-m-1 row-m-1 start-row-m-1 col-l-12 start-col-l-1 row-l-1 start-row-l-1 col-xl-12 start-col-xl-1 row-xl-1 start-row-xl-1\">\n<div class=\"emotion--html\">\n<div class=\"html--content\">\n<h2>Was kostet ein Kofferanh\u00e4nger?<\/h2>\n<p>Unsere\u00a0Kofferanh\u00e4nger\u00a0entsprechen den Anspr\u00fcchen unserer Anh\u00e4nger-Kunden. Diese erwarten immer innovativere Transportmittel in h\u00f6chster Qualit\u00e4t. Dementsprechend beweisen unsere Anh\u00e4nger stets aufs Neue, dass sie f\u00fcr jede Transportaufgaben geeignet sind. Aufgrund der Anregungen von Kunden wurden die Anh\u00e4nger dieser Kategorie mit dem typischen\u00a0Anh\u00e4nger-Kofferaufbau\u00a0in den letzten Jahren immer besser an individuelle Bed\u00fcrfnisse angepasst.\u00a0Aber auch f\u00fcr den preisbewussten Kunden bieten wir eine gro\u00dfe Auswahl an. Gerade bei Kofferanh\u00e4ngern bieten wir ein riesen Portfolio an und haben mit die gr\u00f6\u00dfte Auswahl in Deutschland. Wir Empfehlen zum besser Eingrenzen Ihrer Kofferanh\u00e4nger Suche die Filter zu benutzen. Damit lassen sich sehr leicht Gr\u00f6\u00dfe, Preis, Farbe uvm. vor sortieren und es erscheinen nur die Ergebnisse die Sie Interessieren<\/p>\n<p><strong>Inhaltsverzeichnis<\/strong><\/p>\n<ul>\n<li><a href=\"https:\/\/www.kochanhaengerwerke.de\/koffer\/kofferanhaenger\/#eigenschaften\">Die wesentlichen Eigenschaften eines Kofferanh\u00e4nger<\/a><\/li>\n<li><a href=\"https:\/\/www.kochanhaengerwerke.de\/koffer\/kofferanhaenger\/#bordwand\">Bordwandmaterialien bei einem Kofferanh\u00e4nger<\/a><\/li>\n<li><a href=\"https:\/\/www.kochanhaengerwerke.de\/koffer\/kofferanhaenger\/#heck\">Heckt\u00fcren oder Klappe?<\/a><\/li>\n<li><a href=\"https:\/\/www.kochanhaengerwerke.de\/koffer\/kofferanhaenger\/#auswahl\">Kofferanh\u00e4nger Auswahl<\/a><\/li>\n<li><a href=\"https:\/\/www.kochanhaengerwerke.de\/koffer\/kofferanhaenger\/#bauformen\">Unterschiedliche Bauformen und Verwendungszweck<\/a><\/li>\n<li><a href=\"https:\/\/www.kochanhaengerwerke.de\/koffer\/kofferanhaenger\/#zubehoer\">Kofferanh\u00e4nger Zubeh\u00f6r<\/a><\/li>\n<li><a href=\"https:\/\/www.kochanhaengerwerke.de\/koffer\/kofferanhaenger\/#fragen\">Sie ben\u00f6tigen weitere Informationen?<\/a><\/li>\n<\/ul>\n<h2><a name=\"eigenschaften\"><\/a>Die wesentlichen Eigenschaften eines Kofferanh\u00e4nger<\/h2>\n<p>Mit diesen Anh\u00e4nger transportieren Sie auch empfindlicher G\u00fcter sicher ans Ziel. Sie kommen dort\u00a0sauber und diebstahlgesch\u00fctzt\u00a0an. Es gibt sie in verschiedenen Ausf\u00fchrungen, wobei zu den g\u00e4ngigsten Modellen die\u00a0Plywood-Kofferanh\u00e4nger\u00a0mit Bordw\u00e4nden aus\u00a0kunststoffbeschichteten Holzplatten\u00a0sowie die Anh\u00e4nger mit einem Koffer in\u00a0isolierter Sandwichbauweise\u00a0z\u00e4hlen. Die feuerverzinkten Anh\u00e4nger verf\u00fcgen \u00fcber ein St\u00fctzrad, Heckst\u00fctzen, eine R\u00fcckfahrautomatik und eine Gummifederachse oder Blattfedern. Besondere Modelle wie die Anh\u00e4nger der Black Edition haben schwarze Seitenw\u00e4nde bei wei\u00dfer Innenfarbe und verf\u00fcgen \u00fcber eine LED-Innenbeleuchtung sowie eine Auffahrrampe mit rutschfestem Gummibelag und Hebehilfe. Verzurr\u00f6sen auf dem Ladeboden sichern optimal die Ladung. Viele dieser Anh\u00e4nger sind mit Radsto\u00dfd\u00e4mpfern ausgestattet und f\u00fcr 100 km\/h zugelassen.<\/p>\n<h2>Kofferanh\u00e4nger f\u00fcr jeden Zweck<\/h2>\n<p>Kofferanh\u00e4nger reichen von kleinen Ladungen wie Kartons \u00fcber Fahrr\u00e4der oder soll der Anh\u00e4nger f\u00fcr Umz\u00fcge oder als Speditionsanh\u00e4nger benutzt werden. Sogar Autos lassen sich in gro\u00dfen Kofferanh\u00e4nger transportieren. Alle unterschiedlichen Modelle haben Ihrem Preis, wir bieten Ihnen f\u00fcr jeden Zweck das passende Modell an.<a name=\"bordwand\"><\/a><\/p>\n<h2>Bordwandmaterialien bei einem Kofferanh\u00e4nger<\/h2>\n<p>Es gibt die unterschiedlichsten Bordwandmaterialien und st\u00e4rken bei Kofferanh\u00e4nger.<\/p>\n<h3>Kofferanh\u00e4nger mit Plywood<\/h3>\n<p>Plywoood Platten bestehen aus einem Gemisch aus Kunststoffen und Naturfasern. Wie die Zusammensetzung bei den Herstellern genau ist unterscheidet sich oft sehr. Als Kunststoffe kommen Haupts\u00e4chlich Polyethylen,\u00a0Polypropylen\u00a0und\u00a0Polystyrol\u00a0zum Einsatz und als Naturfaser wird meist Holz, Hanf oder Kokos verwendet. Durch Behandlung und einer geschickten F\u00e4rbung der Oberfl\u00e4che sieht dann Polywood aus wie Holz. Es ist zum Verwechseln \u00e4hnlich was gerne auch bei Gartenm\u00f6bel verwendet wird aber auch im Anh\u00e4ngerbau bei Kofferanh\u00e4ngern benutzt wird.<\/p>\n<h3>Kofferanh\u00e4nger mit Sandwichplatten<\/h3>\n<p>Wie der Name Sandwich schon vermuten l\u00e4sst bestehen diese Platten aus mehrteiligen Schichten. Der Kern ist hierbei mit 2 d\u00fcnneren Platten ummantelt. Eine feste Verbindung dieser Schichten macht die Platten sehr stabil.<\/p>\n<h2>Kofferanh\u00e4nger in unterschiedlichsten Gr\u00f6\u00dfen<\/h2>\n<p>Sie finden bei uns Ihren\u00a0Anh\u00e4nger mit\u00a0Kofferaufbau oder Deckelanh\u00e4nger\u00a0in allen erdenklichen Gr\u00f6\u00dfen etwa ab 105 Breite x 150 L\u00e4nge x 50 cm H\u00f6he (750 kg Gesamtgewicht) mit Deckel bis zu Standard 245 x 652 x 193 cm (3,5 zgG Gewicht) mit Rampe oder Fl\u00fcgelt\u00fcr, auch Sonderma\u00dfe k\u00f6nnen angefragt werden. Der gro\u00dfe Vorteil der ringsum geschlossenen Koffer besteht darin, dass Ihr Ladegut bestens\u00a0vor Witterungseinfl\u00fcssen und Diebstahl gesch\u00fctzt\u00a0ist. Die Anh\u00e4nger k\u00f6nnen als Tieflader f\u00fcr das bequeme Be- und Entladen ausgelegt sein, wobei zum immensen Stauvolumen noch ein tiefer Schwerpunkt hinzukommt. Es gibt aber f\u00fcr andere Zwecke auch Hochlader, die Modelle mit Vollisolation und diejenigen in besonderer Gewerbeausf\u00fchrung. Dadurch entsteht diese enorme Variantenvielfalt. Beachten Sie auch die Zubeh\u00f6roptionen f\u00fcr den\u00a0Anh\u00e4nger in Kofferbauweise. Neben der Ausf\u00fchrung f\u00fcr 100 km\/h k\u00f6nnte das unter anderem auch eine Anpassung der Kofferinnenh\u00f6he sein. Bestellen Sie jetzt bequem online bei uns Ihren passenden Anh\u00e4nger!<\/p>\n<p>Unsere\u00a0Kofferanh\u00e4nger\u00a0sind die idealen Begleiter um Transportg\u00fcter trocken und diebstahlgesch\u00fctzt von A nach B zu transportieren.<\/p>\n<p>Es gibt die Koffer Pkw Anh\u00e4nger das Fahrwerk als Einachsanh\u00e4nger mit oder ohne Bremse oder Tandemanh\u00e4nger, also mit zwei Achsen, Ausf\u00fchrung. Die Achsen sind dann Drehstabfederachsen oder mit Einzelradaufh\u00e4ngung. Einachser lassen sich leichter im abgekuppelten Zustand mit der Hand rangieren.<\/p>\n<p>Die Cargo-Kofferanh\u00e4nger gibt es in verschiedenen Ausf\u00fchrungen, die g\u00e4ngigsten sind die Modelle als Plywood-Kofferanh\u00e4nger (Bordw\u00e4nde aus kunststoffbeschichteten Holz-Platten) oder als isolierter Sandwich-Kofferaufbau.<a name=\"heck\"><\/a><\/p>\n<h2>Heckt\u00fcren oder Klappe?<\/h2>\n<p>Es gibt zwei unterschiedlich Klappen Systeme beim Anh\u00e4nger Heck.<\/p>\n<h3>Kofferanh\u00e4nger mit Heckt\u00fcren<\/h3>\n<p><img decoding=\"async\" src=\"https:\/\/www.kochanhaengerwerke.de\/media\/image\/72\/89\/ca\/1911_02.jpg\" alt=\"\" \/><\/p>\n<p>Mit der Variante der T\u00fcren wird der Pkw Anh\u00e4nger verschlossen.<\/p>\n<h3>Kofferanh\u00e4nger mit Heckklappe<\/h3>\n<p><img decoding=\"async\" src=\"https:\/\/www.kochanhaengerwerke.de\/media\/image\/c6\/12\/5f\/1912_01.jpg\" alt=\"\" \/><\/p>\n<p>Wenn man das Modell mit Heckklappe w\u00e4hlt so ist das ein und ausladen Einfacher weil man eine Laderampe hat und nicht eine Stufe oder Ladekannte hoch muss. Nachteil hierbei ist jedoch das ein Stapler den Anh\u00e4nger nicht beladen kann weil die Klappe im Weg w\u00e4re. Gerne wird diese Variante auch zum Motorrad Transport verwendet oder weitere Fahrzeuge. Die Motorr\u00e4der lassen sich dank der Auffahrklappe sehr leicht Beladen und Entladen.<a name=\"auswahl\"><\/a><\/p>\n<h2>Kofferanh\u00e4nger Auswahl<\/h2>\n<p>Hier eine Auswahl an unseren Anh\u00e4ngern. Am besten grenzen Sie die Auswahl auf der linken Seite ein indem Sie nach einem bestimmten Kofferanh\u00e4ngergewicht, Preis oder einer Kofferanh\u00e4ngermarke suchen. Au\u00dferdem l\u00e4sst sich das Koffer-Anh\u00e4nger Suchergebnis in der Ansicht anpassen. Es warten auch viele Anh\u00e4nger Angebote auf Sie.<\/p>\n<h2>Zul\u00e4ssiges Gesamtgewicht und Nutzlast bei Kofferanh\u00e4nger<\/h2>\n<p>Achten Sie auf das passende Zugfahrzeug zum Koffer Anh\u00e4nger. Die Nutzlast errechnet sich aus dem Gesamtgewicht minus dem Eigengewicht des Anh\u00e4ngers. Das Eigengewicht variiert je nach Hersteller und Bauart des Anh\u00e4nger, kommt Stahl oder Aluminium zum Einsatz, das leichtere Aluminium erh\u00f6ht aufgrund des geringeren Eigengewichtes die Nutzlast des Anh\u00e4ngers, hat hingegen aber ein h\u00f6herer Preis. G\u00e4ngige Gesamtgewichte bei Kofferanh\u00e4nger sind ungebremste mit 750 kg und Anh\u00e4nger mit Bremse als Einachser oder Tandemachser 1300 kg, 2000 kg, 2600 kg, 3000 kg und 3500 kg.<a name=\"bauforman\"><\/a><\/p>\n<h2>Unterschiedliche Bauformen und Verwendungszweck<\/h2>\n<h3>Kofferanh\u00e4nger als geschlossener Kasten<\/h3>\n<p>Dies ist die h\u00e4ufigste Bauform und wird f\u00fcr Transportzwecke verwendet.<\/p>\n<h3>Kofferanh\u00e4nger mit Seitenklappe<\/h3>\n<p>Marktanh\u00e4nger oder Imbissbude werden so realisiert. Die Verkaufsklappe macht aus dem Kofferanh\u00e4nger einen Marktstand der in Sekunden schnelle Aufgebaut ist.<\/p>\n<h3>Kofferanh\u00e4nger mit K\u00fchlung<\/h3>\n<p>Also K\u00fchlanh\u00e4nger oder Tiefk\u00fchlanh\u00e4nger dienen die H\u00e4nger mit einem zus\u00e4tzlichen K\u00fchlaggregat. Diese sogenannten K\u00fchlkoffer werden dann f\u00fcr Frischwaren Transporte benutzt oder f\u00fcr K\u00fchle Getr\u00e4nke an warmen Tagen.<\/p>\n<h3>Tieflader<\/h3>\n<p><img decoding=\"async\" src=\"https:\/\/www.kochanhaengerwerke.de\/media\/image\/c4\/8e\/1c\/1737_01.jpg\" alt=\"\" \/><\/p>\n<p>Bei dem Tieflader sind die R\u00e4der neben der Ladefl\u00e4che des Anh\u00e4ngers.<\/p>\n<h3>Hochlader<\/h3>\n<p><img decoding=\"async\" src=\"https:\/\/www.kochanhaengerwerke.de\/media\/image\/34\/44\/4f\/Ko1917Iw_4.jpg\" alt=\"\" \/><\/p>\n<p>Maximales Ladevolumen bekommen Sie beim Hochlader. Dort sind die R\u00e4der unter der Ladefl\u00e4che. Es sind meist Tandemachser mit einem Gesamtgewicht \u00fcber 2000 kg.<\/p>\n<h2>Es werde Licht im Anh\u00e4nger<\/h2>\n<p>Es gibt unterschiedliche L\u00f6sungen um im dunklen Kofferanh\u00e4nger etwas heller zu bekommen.<\/p>\n<h3>Innenbeleuchtung<\/h3>\n<p>Dank Innenlicht mit 12 Volt oder Batterie. Viele sind dabei schon mit LED ausgestattet.<\/p>\n<h3>Lichtdach<\/h3>\n<p>Eine tolle L\u00f6sung bieten einige Hersteller das das Koffer Dach mit einem Lichtdurchl\u00e4ssigem Material ausgestattet ist. Somit ist Tags\u00fcber sch\u00f6n hell im inneren des H\u00e4ngers. Fragen Sie uns gerne nach dem Preis dieser Sonderausstattung.<\/p>\n<p>Das Anh\u00e4nger Fahrgestell<\/p>\n<p>Die Fahrgestelle sind unterschiedlich je nach Hersteller. Fast alle sind aus verzinktem Stahl.<a name=\"zubehoer\"><\/a><\/p>\n<h2>Kofferanh\u00e4nger Zubeh\u00f6r<\/h2>\n<p>Es gibt das unterschiedlichsten Zubeh\u00f6r bei Koffer Anh\u00e4ngern. Wir haben eine gro\u00dfe Auswahl und beraten Sie gerne dazu.<\/p>\n<h3>Spanngurte<\/h3>\n<p>Damit die Ladung sicher transportiert werden kann empfiehlt es sich Spanngurte oder Ratschengurte zum befestigen zu verwenden. Der Inhalt rutscht nicht herum und ist bei z.B. einer Vollbremsung gesichert. Schnell und einfach l\u00e4sst sich die Ladung an der Ladebordwand des Kofferanh\u00e4ngers befestigen.<\/p>\n<h3>Sperrstangen<\/h3>\n<p>Gern genommen sind auch Sperrstangen um das sichern der Inhalte schnell und einfach umzusetzen.<a name=\"fragen\"><\/a><\/p>\n<h2>Sie ben\u00f6tigen weitere Informationen?<\/h2>\n<p>Sie haben noch offene Fragen zu Kofferanh\u00e4nger? Dann sprechen Sie uns doch gerne jederzeit an. Wir freuen uns auf Ihre Anfrage und Beraten Sie gerne ausgiebig, unverbindlich und bieten unsere Hilfe und Service beim finden des passenden Anh\u00e4nger an. Rufen Sie uns gerne an oder benutzen unser Kontaktformular f\u00fcr Ihre Anfrage. Gern machen wir Ihnen ein unverbindliches Angebot.<\/p>\n<h2>Wartung und Service bei Kofferanh\u00e4ngern<\/h2>\n<p>Auch nach dem Kauf sind wir mit Rat und Tat immer f\u00fcr Sie da. Haben Sie Problem oder eine weiter Anfrage kontaktieren Sie uns gerne jederzeit.<\/p>\n<\/div>\n<\/div>\n<\/div>\n<\/div>\n<div class=\"emotion--row row--2\"><\/div>\n<\/div><\/div><\/div><\/div><\/div><\/div><\/section>\n","protected":false},"excerpt":{"rendered":"Was kostet ein Kofferanh\u00e4nger? Unsere\u00a0Kofferanh\u00e4nger\u00a0entsprechen den Anspr\u00fcchen unserer Anh\u00e4nger-Kunden. Diese erwarten immer innovativere Transportmittel in h\u00f6chster Qualit\u00e4t. Dementsprechend beweisen unsere Anh\u00e4nger stets aufs Neue, dass sie f\u00fcr jede Transportaufgaben geeignet sind. Aufgrund der Anregungen von Kunden wurden die Anh\u00e4nger dieser Kategorie mit dem typischen\u00a0Anh\u00e4nger-Kofferaufbau\u00a0in den letzten Jahren immer besser an individuelle Bed\u00fcrfnisse angepasst.\u00a0Aber auch f\u00fcr...","protected":false},"author":1,"featured_media":58,"parent":0,"menu_order":11,"comment_status":"closed","ping_status":"closed","template":"","meta":{"_daextamp_enable_autolinks":"","footnotes":""},"class_list":["post-6","page","type-page","status-publish","has-post-thumbnail","hentry"],"yoast_head":"<!-- This site is optimized with the Yoast SEO plugin v27.4 - https:\/\/yoast.com\/product\/yoast-seo-wordpress\/ -->\n<title>Kofferanh\u00e4nger Test - Koch Anh\u00e4ngerwerke Ratgeber<\/title>\n<meta name=\"robots\" content=\"index, follow, max-snippet:-1, max-image-preview:large, max-video-preview:-1\" \/>\n<link rel=\"canonical\" href=\"https:\/\/www.kochanhaengerwerke.de\/ratgeber\/kofferanhaenger-test\/\" \/>\n<meta property=\"og:locale\" content=\"de_DE\" \/>\n<meta property=\"og:type\" content=\"article\" \/>\n<meta property=\"og:title\" content=\"Kofferanh\u00e4nger Test - Koch Anh\u00e4ngerwerke Ratgeber\" \/>\n<meta property=\"og:url\" content=\"https:\/\/www.kochanhaengerwerke.de\/ratgeber\/kofferanhaenger-test\/\" \/>\n<meta property=\"og:site_name\" content=\"Koch Anh\u00e4ngerwerke Ratgeber\" \/>\n<meta property=\"article:modified_time\" content=\"2022-12-15T13:09:55+00:00\" \/>\n<meta property=\"og:image\" content=\"https:\/\/www.kochanhaengerwerke.de\/ratgeber\/wp-content\/uploads\/2022\/12\/Koch_Offroad-Anh-nger_1_800x800.jpg\" \/>\n\t<meta property=\"og:image:width\" content=\"800\" \/>\n\t<meta property=\"og:image:height\" content=\"600\" \/>\n\t<meta property=\"og:image:type\" content=\"image\/jpeg\" \/>\n<meta name=\"twitter:card\" content=\"summary_large_image\" \/>\n<meta name=\"twitter:label1\" content=\"Gesch\u00e4tzte Lesezeit\" \/>\n\t<meta name=\"twitter:data1\" content=\"7\u00a0Minuten\" \/>\n<script type=\"application\/ld+json\" class=\"yoast-schema-graph\">{\"@context\":\"https:\\\/\\\/schema.org\",\"@graph\":[{\"@type\":\"WebPage\",\"@id\":\"https:\\\/\\\/www.kochanhaengerwerke.de\\\/ratgeber\\\/kofferanhaenger-test\\\/\",\"url\":\"https:\\\/\\\/www.kochanhaengerwerke.de\\\/ratgeber\\\/kofferanhaenger-test\\\/\",\"name\":\"Kofferanh\u00e4nger Test - Koch Anh\u00e4ngerwerke Ratgeber\",\"isPartOf\":{\"@id\":\"https:\\\/\\\/www.kochanhaengerwerke.de\\\/ratgeber\\\/#website\"},\"primaryImageOfPage\":{\"@id\":\"https:\\\/\\\/www.kochanhaengerwerke.de\\\/ratgeber\\\/kofferanhaenger-test\\\/#primaryimage\"},\"image\":{\"@id\":\"https:\\\/\\\/www.kochanhaengerwerke.de\\\/ratgeber\\\/kofferanhaenger-test\\\/#primaryimage\"},\"thumbnailUrl\":\"https:\\\/\\\/www.kochanhaengerwerke.de\\\/ratgeber\\\/wp-content\\\/uploads\\\/2022\\\/12\\\/Koch_Offroad-Anh-nger_1_800x800.jpg\",\"datePublished\":\"2022-12-15T10:44:48+00:00\",\"dateModified\":\"2022-12-15T13:09:55+00:00\",\"breadcrumb\":{\"@id\":\"https:\\\/\\\/www.kochanhaengerwerke.de\\\/ratgeber\\\/kofferanhaenger-test\\\/#breadcrumb\"},\"inLanguage\":\"de\",\"potentialAction\":[{\"@type\":\"ReadAction\",\"target\":[\"https:\\\/\\\/www.kochanhaengerwerke.de\\\/ratgeber\\\/kofferanhaenger-test\\\/\"]}]},{\"@type\":\"ImageObject\",\"inLanguage\":\"de\",\"@id\":\"https:\\\/\\\/www.kochanhaengerwerke.de\\\/ratgeber\\\/kofferanhaenger-test\\\/#primaryimage\",\"url\":\"https:\\\/\\\/www.kochanhaengerwerke.de\\\/ratgeber\\\/wp-content\\\/uploads\\\/2022\\\/12\\\/Koch_Offroad-Anh-nger_1_800x800.jpg\",\"contentUrl\":\"https:\\\/\\\/www.kochanhaengerwerke.de\\\/ratgeber\\\/wp-content\\\/uploads\\\/2022\\\/12\\\/Koch_Offroad-Anh-nger_1_800x800.jpg\",\"width\":800,\"height\":600},{\"@type\":\"BreadcrumbList\",\"@id\":\"https:\\\/\\\/www.kochanhaengerwerke.de\\\/ratgeber\\\/kofferanhaenger-test\\\/#breadcrumb\",\"itemListElement\":[{\"@type\":\"ListItem\",\"position\":1,\"name\":\"Startseite\",\"item\":\"https:\\\/\\\/www.kochanhaengerwerke.de\\\/ratgeber\\\/\"},{\"@type\":\"ListItem\",\"position\":2,\"name\":\"Kofferanh\u00e4nger Test\"}]},{\"@type\":\"WebSite\",\"@id\":\"https:\\\/\\\/www.kochanhaengerwerke.de\\\/ratgeber\\\/#website\",\"url\":\"https:\\\/\\\/www.kochanhaengerwerke.de\\\/ratgeber\\\/\",\"name\":\"Koch Anh\u00e4ngerwerke Ratgeber\",\"description\":\"Der Ratgeber rund um das Thema Anh\u00e4nger\",\"potentialAction\":[{\"@type\":\"SearchAction\",\"target\":{\"@type\":\"EntryPoint\",\"urlTemplate\":\"https:\\\/\\\/www.kochanhaengerwerke.de\\\/ratgeber\\\/?s={search_term_string}\"},\"query-input\":{\"@type\":\"PropertyValueSpecification\",\"valueRequired\":true,\"valueName\":\"search_term_string\"}}],\"inLanguage\":\"de\"}]}<\/script>\n<!-- \/ Yoast SEO plugin. -->","yoast_head_json":{"title":"Kofferanh\u00e4nger Test - Koch Anh\u00e4ngerwerke Ratgeber","robots":{"index":"index","follow":"follow","max-snippet":"max-snippet:-1","max-image-preview":"max-image-preview:large","max-video-preview":"max-video-preview:-1"},"canonical":"https:\/\/www.kochanhaengerwerke.de\/ratgeber\/kofferanhaenger-test\/","og_locale":"de_DE","og_type":"article","og_title":"Kofferanh\u00e4nger Test - Koch Anh\u00e4ngerwerke Ratgeber","og_url":"https:\/\/www.kochanhaengerwerke.de\/ratgeber\/kofferanhaenger-test\/","og_site_name":"Koch Anh\u00e4ngerwerke Ratgeber","article_modified_time":"2022-12-15T13:09:55+00:00","og_image":[{"width":800,"height":600,"url":"https:\/\/www.kochanhaengerwerke.de\/ratgeber\/wp-content\/uploads\/2022\/12\/Koch_Offroad-Anh-nger_1_800x800.jpg","type":"image\/jpeg"}],"twitter_card":"summary_large_image","twitter_misc":{"Gesch\u00e4tzte Lesezeit":"7\u00a0Minuten"},"schema":{"@context":"https:\/\/schema.org","@graph":[{"@type":"WebPage","@id":"https:\/\/www.kochanhaengerwerke.de\/ratgeber\/kofferanhaenger-test\/","url":"https:\/\/www.kochanhaengerwerke.de\/ratgeber\/kofferanhaenger-test\/","name":"Kofferanh\u00e4nger Test - Koch Anh\u00e4ngerwerke Ratgeber","isPartOf":{"@id":"https:\/\/www.kochanhaengerwerke.de\/ratgeber\/#website"},"primaryImageOfPage":{"@id":"https:\/\/www.kochanhaengerwerke.de\/ratgeber\/kofferanhaenger-test\/#primaryimage"},"image":{"@id":"https:\/\/www.kochanhaengerwerke.de\/ratgeber\/kofferanhaenger-test\/#primaryimage"},"thumbnailUrl":"https:\/\/www.kochanhaengerwerke.de\/ratgeber\/wp-content\/uploads\/2022\/12\/Koch_Offroad-Anh-nger_1_800x800.jpg","datePublished":"2022-12-15T10:44:48+00:00","dateModified":"2022-12-15T13:09:55+00:00","breadcrumb":{"@id":"https:\/\/www.kochanhaengerwerke.de\/ratgeber\/kofferanhaenger-test\/#breadcrumb"},"inLanguage":"de","potentialAction":[{"@type":"ReadAction","target":["https:\/\/www.kochanhaengerwerke.de\/ratgeber\/kofferanhaenger-test\/"]}]},{"@type":"ImageObject","inLanguage":"de","@id":"https:\/\/www.kochanhaengerwerke.de\/ratgeber\/kofferanhaenger-test\/#primaryimage","url":"https:\/\/www.kochanhaengerwerke.de\/ratgeber\/wp-content\/uploads\/2022\/12\/Koch_Offroad-Anh-nger_1_800x800.jpg","contentUrl":"https:\/\/www.kochanhaengerwerke.de\/ratgeber\/wp-content\/uploads\/2022\/12\/Koch_Offroad-Anh-nger_1_800x800.jpg","width":800,"height":600},{"@type":"BreadcrumbList","@id":"https:\/\/www.kochanhaengerwerke.de\/ratgeber\/kofferanhaenger-test\/#breadcrumb","itemListElement":[{"@type":"ListItem","position":1,"name":"Startseite","item":"https:\/\/www.kochanhaengerwerke.de\/ratgeber\/"},{"@type":"ListItem","position":2,"name":"Kofferanh\u00e4nger Test"}]},{"@type":"WebSite","@id":"https:\/\/www.kochanhaengerwerke.de\/ratgeber\/#website","url":"https:\/\/www.kochanhaengerwerke.de\/ratgeber\/","name":"Koch Anh\u00e4ngerwerke Ratgeber","description":"Der Ratgeber rund um das Thema Anh\u00e4nger","potentialAction":[{"@type":"SearchAction","target":{"@type":"EntryPoint","urlTemplate":"https:\/\/www.kochanhaengerwerke.de\/ratgeber\/?s={search_term_string}"},"query-input":{"@type":"PropertyValueSpecification","valueRequired":true,"valueName":"search_term_string"}}],"inLanguage":"de"}]}},"_links":{"self":[{"href":"https:\/\/www.kochanhaengerwerke.de\/ratgeber\/wp-json\/wp\/v2\/pages\/6","targetHints":{"allow":["GET"]}}],"collection":[{"href":"https:\/\/www.kochanhaengerwerke.de\/ratgeber\/wp-json\/wp\/v2\/pages"}],"about":[{"href":"https:\/\/www.kochanhaengerwerke.de\/ratgeber\/wp-json\/wp\/v2\/types\/page"}],"author":[{"embeddable":true,"href":"https:\/\/www.kochanhaengerwerke.de\/ratgeber\/wp-json\/wp\/v2\/users\/1"}],"replies":[{"embeddable":true,"href":"https:\/\/www.kochanhaengerwerke.de\/ratgeber\/wp-json\/wp\/v2\/comments?post=6"}],"version-history":[{"count":2,"href":"https:\/\/www.kochanhaengerwerke.de\/ratgeber\/wp-json\/wp\/v2\/pages\/6\/revisions"}],"predecessor-version":[{"id":194,"href":"https:\/\/www.kochanhaengerwerke.de\/ratgeber\/wp-json\/wp\/v2\/pages\/6\/revisions\/194"}],"wp:featuredmedia":[{"embeddable":true,"href":"https:\/\/www.kochanhaengerwerke.de\/ratgeber\/wp-json\/wp\/v2\/media\/58"}],"wp:attachment":[{"href":"https:\/\/www.kochanhaengerwerke.de\/ratgeber\/wp-json\/wp\/v2\/media?parent=6"}],"curies":[{"name":"wp","href":"https:\/\/api.w.org\/{rel}","templated":true}]}}