{"id":87,"date":"2022-12-16T10:23:18","date_gmt":"2022-12-16T09:23:18","guid":{"rendered":"https:\/\/www.kochanhaengerwerke.de\/ratgeber\/?page_id=87"},"modified":"2023-01-17T09:42:18","modified_gmt":"2023-01-17T08:42:18","slug":"ladungssicherung","status":"publish","type":"page","link":"https:\/\/www.kochanhaengerwerke.de\/ratgeber\/ladungssicherung\/","title":{"rendered":"Ladungssicherung"},"content":{"rendered":"<section class=\"l-section wpb_row height_medium\"><div class=\"l-section-h i-cf\"><div class=\"g-cols vc_row via_grid cols_1 laptops-cols_inherit tablets-cols_inherit mobiles-cols_1 valign_top type_default stacking_default\"><div class=\"wpb_column vc_column_container\"><div class=\"vc_column-inner\"><div class=\"wpb_text_column\"><div class=\"wpb_wrapper\"><h1>Ladungssicherung<\/h1>\n<\/div><\/div><div class=\"w-separator size_medium\"><\/div><div class=\"w-grid us_grid type_grid layout_blog_1 cols_4 preload_style_spinner\" id=\"us_grid_1\" style=\"--columns:4;--gap:1.5rem;\" data-filterable=\"true\"><style>@media (max-width:1280px){#us_grid_1{--columns:3!important}}@media (max-width:1024px){#us_grid_1{--columns:2!important}}@media (max-width:600px){#us_grid_1{--columns:1!important}}.layout_blog_1 .w-grid-item-h{}.layout_blog_1 .usg_post_image_1{margin-bottom:0.5rem!important}.layout_blog_1 .usg_post_title_1{font-size:1rem!important}<\/style><div class=\"w-grid-list\">\t<article class=\"w-grid-item size_1x1 post-330 post type-post status-publish format-standard has-post-thumbnail hentry category-anhaenger-beladung category-ladungssicherung tag-ladung-im-anhaenger-befestigen\" data-id=\"330\">\r\n\t\t<div class=\"w-grid-item-h\">\r\n\t\t\t\t\t\t<div class=\"w-post-elm post_image usg_post_image_1 stretched\"><a href=\"https:\/\/www.kochanhaengerwerke.de\/ratgeber\/was-sind-plattenanker-und-warum-sind-sie-wichtig-fuer-einen-pkw-anhaenger\/\" aria-label=\"Was sind Plattenanker und warum sind sie wichtig f\u00fcr einen PKW-Anh\u00e4nger?\"><img loading=\"lazy\" decoding=\"async\" width=\"1024\" height=\"768\" src=\"https:\/\/www.kochanhaengerwerke.de\/ratgeber\/wp-content\/uploads\/2023\/03\/Plattenanker_4zu3-1024x768.jpg\" class=\"attachment-large size-large wp-post-image\" alt=\"\" srcset=\"https:\/\/www.kochanhaengerwerke.de\/ratgeber\/wp-content\/uploads\/2023\/03\/Plattenanker_4zu3-1024x768.jpg 1024w, https:\/\/www.kochanhaengerwerke.de\/ratgeber\/wp-content\/uploads\/2023\/03\/Plattenanker_4zu3-300x225.jpg 300w, https:\/\/www.kochanhaengerwerke.de\/ratgeber\/wp-content\/uploads\/2023\/03\/Plattenanker_4zu3.jpg 1600w\" sizes=\"auto, (max-width: 1024px) 100vw, 1024px\" \/><\/a><\/div><h2 class=\"w-post-elm post_title usg_post_title_1 entry-title color_link_inherit\"><a href=\"https:\/\/www.kochanhaengerwerke.de\/ratgeber\/was-sind-plattenanker-und-warum-sind-sie-wichtig-fuer-einen-pkw-anhaenger\/\">Was sind Plattenanker und warum sind sie wichtig f\u00fcr einen PKW-Anh\u00e4nger?<\/a><\/h2>\t\t<\/div>\r\n\t\t\t<\/article>\r\n\t<article class=\"w-grid-item size_1x1 post-256 post type-post status-publish format-standard has-post-thumbnail hentry category-anhaenger-beladung category-ladungssicherung\" data-id=\"256\">\r\n\t\t<div class=\"w-grid-item-h\">\r\n\t\t\t\t\t\t<div class=\"w-post-elm post_image usg_post_image_1 stretched\"><a href=\"https:\/\/www.kochanhaengerwerke.de\/ratgeber\/stvo-\u00a7-22-ladung\/\" aria-label=\"StVO \u00a7 22 Ladung\"><img loading=\"lazy\" decoding=\"async\" width=\"1024\" height=\"768\" src=\"https:\/\/www.kochanhaengerwerke.de\/ratgeber\/wp-content\/uploads\/2023\/01\/banner_tandem_1_1200x480_1920x1920-1024x768.jpg\" class=\"attachment-large size-large wp-post-image\" alt=\"\" srcset=\"https:\/\/www.kochanhaengerwerke.de\/ratgeber\/wp-content\/uploads\/2023\/01\/banner_tandem_1_1200x480_1920x1920-1024x768.jpg 1024w, https:\/\/www.kochanhaengerwerke.de\/ratgeber\/wp-content\/uploads\/2023\/01\/banner_tandem_1_1200x480_1920x1920-300x225.jpg 300w, https:\/\/www.kochanhaengerwerke.de\/ratgeber\/wp-content\/uploads\/2023\/01\/banner_tandem_1_1200x480_1920x1920.jpg 1600w\" sizes=\"auto, (max-width: 1024px) 100vw, 1024px\" \/><\/a><\/div><h2 class=\"w-post-elm post_title usg_post_title_1 entry-title color_link_inherit\"><a href=\"https:\/\/www.kochanhaengerwerke.de\/ratgeber\/stvo-\u00a7-22-ladung\/\">StVO \u00a7 22 Ladung<\/a><\/h2>\t\t<\/div>\r\n\t\t\t<\/article>\r\n\t<article class=\"w-grid-item size_1x1 post-233 post type-post status-publish format-standard has-post-thumbnail hentry category-anhaenger-beladung category-ladungssicherung\" data-id=\"233\">\r\n\t\t<div class=\"w-grid-item-h\">\r\n\t\t\t\t\t\t<div class=\"w-post-elm post_image usg_post_image_1 stretched\"><a href=\"https:\/\/www.kochanhaengerwerke.de\/ratgeber\/schneller-und-einfacher-ladung-befestigen-dank-einer-reling\/\" aria-label=\"Schneller und einfacher Ladung befestigen dank einer Reling\"><img loading=\"lazy\" decoding=\"async\" width=\"1024\" height=\"768\" src=\"https:\/\/www.kochanhaengerwerke.de\/ratgeber\/wp-content\/uploads\/2022\/12\/banner_ungebremst_4_1400x810_1920x1920-1-1024x768.jpg\" class=\"attachment-large size-large wp-post-image\" alt=\"\" srcset=\"https:\/\/www.kochanhaengerwerke.de\/ratgeber\/wp-content\/uploads\/2022\/12\/banner_ungebremst_4_1400x810_1920x1920-1-1024x768.jpg 1024w, https:\/\/www.kochanhaengerwerke.de\/ratgeber\/wp-content\/uploads\/2022\/12\/banner_ungebremst_4_1400x810_1920x1920-1-300x225.jpg 300w, https:\/\/www.kochanhaengerwerke.de\/ratgeber\/wp-content\/uploads\/2022\/12\/banner_ungebremst_4_1400x810_1920x1920-1.jpg 1600w\" sizes=\"auto, (max-width: 1024px) 100vw, 1024px\" \/><\/a><\/div><h2 class=\"w-post-elm post_title usg_post_title_1 entry-title color_link_inherit\"><a href=\"https:\/\/www.kochanhaengerwerke.de\/ratgeber\/schneller-und-einfacher-ladung-befestigen-dank-einer-reling\/\">Schneller und einfacher Ladung befestigen dank einer Reling<\/a><\/h2>\t\t<\/div>\r\n\t\t\t<\/article>\r\n\t<article class=\"w-grid-item size_1x1 post-133 post type-post status-publish format-standard has-post-thumbnail hentry category-anhaenger-beladung category-ladungssicherung tag-ladung-im-anhaenger-befestigen\" data-id=\"133\">\r\n\t\t<div class=\"w-grid-item-h\">\r\n\t\t\t\t\t\t<div class=\"w-post-elm post_image usg_post_image_1 stretched\"><a href=\"https:\/\/www.kochanhaengerwerke.de\/ratgeber\/welche-ladungssicherungen-gibt-es\/\" aria-label=\"Welche Ladungssicherungen gibt es?\"><img loading=\"lazy\" decoding=\"async\" width=\"1024\" height=\"768\" src=\"https:\/\/www.kochanhaengerwerke.de\/ratgeber\/wp-content\/uploads\/2022\/12\/banner_ungebremst_3_1200x480_1280x1280-1024x768.jpg\" class=\"attachment-large size-large wp-post-image\" alt=\"\" srcset=\"https:\/\/www.kochanhaengerwerke.de\/ratgeber\/wp-content\/uploads\/2022\/12\/banner_ungebremst_3_1200x480_1280x1280-1024x768.jpg 1024w, https:\/\/www.kochanhaengerwerke.de\/ratgeber\/wp-content\/uploads\/2022\/12\/banner_ungebremst_3_1200x480_1280x1280-300x225.jpg 300w, https:\/\/www.kochanhaengerwerke.de\/ratgeber\/wp-content\/uploads\/2022\/12\/banner_ungebremst_3_1200x480_1280x1280.jpg 1600w\" sizes=\"auto, (max-width: 1024px) 100vw, 1024px\" \/><\/a><\/div><h2 class=\"w-post-elm post_title usg_post_title_1 entry-title color_link_inherit\"><a href=\"https:\/\/www.kochanhaengerwerke.de\/ratgeber\/welche-ladungssicherungen-gibt-es\/\">Welche Ladungssicherungen gibt es?<\/a><\/h2>\t\t<\/div>\r\n\t\t\t<\/article>\r\n\t<article class=\"w-grid-item size_1x1 post-130 post type-post status-publish format-standard has-post-thumbnail hentry category-anhaenger-beladung category-ladungssicherung tag-ladung-im-anhaenger-befestigen\" data-id=\"130\">\r\n\t\t<div class=\"w-grid-item-h\">\r\n\t\t\t\t\t\t<div class=\"w-post-elm post_image usg_post_image_1 stretched\"><a href=\"https:\/\/www.kochanhaengerwerke.de\/ratgeber\/ladung-im-anhaenger-richtig-befestigen\/\" aria-label=\"Ladung im Anh\u00e4nger richtig befestigen\"><img loading=\"lazy\" decoding=\"async\" width=\"800\" height=\"600\" src=\"https:\/\/www.kochanhaengerwerke.de\/ratgeber\/wp-content\/uploads\/2022\/12\/Ladung-befestigen_800x600.jpg\" class=\"attachment-large size-large wp-post-image\" alt=\"\" srcset=\"https:\/\/www.kochanhaengerwerke.de\/ratgeber\/wp-content\/uploads\/2022\/12\/Ladung-befestigen_800x600.jpg 800w, https:\/\/www.kochanhaengerwerke.de\/ratgeber\/wp-content\/uploads\/2022\/12\/Ladung-befestigen_800x600-300x225.jpg 300w\" sizes=\"auto, (max-width: 800px) 100vw, 800px\" \/><\/a><\/div><h2 class=\"w-post-elm post_title usg_post_title_1 entry-title color_link_inherit\"><a href=\"https:\/\/www.kochanhaengerwerke.de\/ratgeber\/ladung-im-anhaenger-richtig-befestigen\/\">Ladung im Anh\u00e4nger richtig befestigen<\/a><\/h2>\t\t<\/div>\r\n\t\t\t<\/article>\r\n\t<article class=\"w-grid-item size_1x1 post-89 post type-post status-publish format-standard has-post-thumbnail hentry category-anhaenger-beladung\" data-id=\"89\">\r\n\t\t<div class=\"w-grid-item-h\">\r\n\t\t\t\t\t\t<div class=\"w-post-elm post_image usg_post_image_1 stretched\"><a href=\"https:\/\/www.kochanhaengerwerke.de\/ratgeber\/anhaenger-richtig-beladen\/\" aria-label=\"Anh\u00e4nger richtig beladen\"><img loading=\"lazy\" decoding=\"async\" width=\"1024\" height=\"768\" src=\"https:\/\/www.kochanhaengerwerke.de\/ratgeber\/wp-content\/uploads\/2022\/12\/u2_2_1600x1200-1024x768.jpg\" class=\"attachment-large size-large wp-post-image\" alt=\"\" srcset=\"https:\/\/www.kochanhaengerwerke.de\/ratgeber\/wp-content\/uploads\/2022\/12\/u2_2_1600x1200-1024x768.jpg 1024w, https:\/\/www.kochanhaengerwerke.de\/ratgeber\/wp-content\/uploads\/2022\/12\/u2_2_1600x1200-300x225.jpg 300w, https:\/\/www.kochanhaengerwerke.de\/ratgeber\/wp-content\/uploads\/2022\/12\/u2_2_1600x1200.jpg 1600w\" sizes=\"auto, (max-width: 1024px) 100vw, 1024px\" \/><\/a><\/div><h2 class=\"w-post-elm post_title usg_post_title_1 entry-title color_link_inherit\"><a href=\"https:\/\/www.kochanhaengerwerke.de\/ratgeber\/anhaenger-richtig-beladen\/\">Anh\u00e4nger richtig beladen<\/a><\/h2>\t\t<\/div>\r\n\t\t\t<\/article>\r\n<\/div>\t<div class=\"w-grid-preloader\">\r\n\t\t<div class=\"g-preloader type_1\">\r\n\t\t\t<div><\/div>\r\n\t\t<\/div>\r\n\t<\/div>\r\n\t\t<div class=\"w-grid-json hidden\" onclick='return {&quot;action&quot;:&quot;us_ajax_grid&quot;,&quot;infinite_scroll&quot;:0,&quot;max_num_pages&quot;:1,&quot;pagination&quot;:&quot;none&quot;,&quot;template_vars&quot;:{&quot;columns&quot;:&quot;4&quot;,&quot;exclude_items&quot;:&quot;none&quot;,&quot;img_size&quot;:&quot;default&quot;,&quot;ignore_items_size&quot;:0,&quot;items_layout&quot;:&quot;blog_1&quot;,&quot;items_offset&quot;:&quot;1&quot;,&quot;load_animation&quot;:&quot;none&quot;,&quot;overriding_link&quot;:&quot;{\\&quot;url\\&quot;:\\&quot;\\&quot;}&quot;,&quot;post_id&quot;:0,&quot;query_args&quot;:{&quot;post_type&quot;:[&quot;post&quot;],&quot;tax_query&quot;:[{&quot;taxonomy&quot;:&quot;category&quot;,&quot;field&quot;:&quot;slug&quot;,&quot;terms&quot;:[&quot;anhaenger-beladung&quot;]}],&quot;post_status&quot;:[&quot;publish&quot;],&quot;posts_per_page&quot;:&quot;10&quot;},&quot;orderby_query_args&quot;:{&quot;orderby&quot;:{&quot;date&quot;:&quot;DESC&quot;}},&quot;type&quot;:&quot;grid&quot;,&quot;us_grid_post_type&quot;:&quot;post&quot;,&quot;us_grid_ajax_index&quot;:1,&quot;us_grid_filter_query_string&quot;:null,&quot;us_grid_index&quot;:1,&quot;page_args&quot;:[]}}'><\/div>\r\n\t<\/div><\/div><\/div><\/div><\/div><\/section>\n","protected":false},"excerpt":{"rendered":"Wie kann ich am besten einen Anh\u00e4nger richtig Beladen? Die richtige Beladung von Anh\u00e4ngern ist wichtig, um die Sicherheit von Anh\u00e4nger, Ladung und Fahrzeug w\u00e4hrend des Transports zu gew\u00e4hrleisten. Hier sind einige Tipps f\u00fcr das richtige Beladen von Anh\u00e4ngern &#8211; Achten Sie darauf, dass der Anh\u00e4nger richtig ausbalanciert ist und das Gewicht gleichm\u00e4\u00dfig \u00fcber die...","protected":false},"author":1,"featured_media":0,"parent":0,"menu_order":10,"comment_status":"closed","ping_status":"closed","template":"","meta":{"_daextamp_enable_autolinks":"","footnotes":""},"class_list":["post-87","page","type-page","status-publish","hentry"],"yoast_head":"<!-- This site is optimized with the Yoast SEO plugin v27.4 - https:\/\/yoast.com\/product\/yoast-seo-wordpress\/ -->\n<title>Ladungssicherung - Koch Anh\u00e4ngerwerke Ratgeber<\/title>\n<meta name=\"robots\" content=\"index, follow, max-snippet:-1, max-image-preview:large, max-video-preview:-1\" \/>\n<link rel=\"canonical\" href=\"https:\/\/www.kochanhaengerwerke.de\/ratgeber\/ladungssicherung\/\" \/>\n<meta property=\"og:locale\" content=\"de_DE\" \/>\n<meta property=\"og:type\" content=\"article\" \/>\n<meta property=\"og:title\" content=\"Ladungssicherung - Koch Anh\u00e4ngerwerke Ratgeber\" \/>\n<meta property=\"og:url\" content=\"https:\/\/www.kochanhaengerwerke.de\/ratgeber\/ladungssicherung\/\" \/>\n<meta property=\"og:site_name\" content=\"Koch Anh\u00e4ngerwerke Ratgeber\" \/>\n<meta property=\"article:modified_time\" content=\"2023-01-17T08:42:18+00:00\" \/>\n<meta name=\"twitter:card\" content=\"summary_large_image\" \/>\n<meta name=\"twitter:label1\" content=\"Gesch\u00e4tzte Lesezeit\" \/>\n\t<meta name=\"twitter:data1\" content=\"1\u00a0Minute\" \/>\n<script type=\"application\/ld+json\" class=\"yoast-schema-graph\">{\"@context\":\"https:\\\/\\\/schema.org\",\"@graph\":[{\"@type\":\"WebPage\",\"@id\":\"https:\\\/\\\/www.kochanhaengerwerke.de\\\/ratgeber\\\/ladungssicherung\\\/\",\"url\":\"https:\\\/\\\/www.kochanhaengerwerke.de\\\/ratgeber\\\/ladungssicherung\\\/\",\"name\":\"Ladungssicherung - Koch Anh\u00e4ngerwerke Ratgeber\",\"isPartOf\":{\"@id\":\"https:\\\/\\\/www.kochanhaengerwerke.de\\\/ratgeber\\\/#website\"},\"datePublished\":\"2022-12-16T09:23:18+00:00\",\"dateModified\":\"2023-01-17T08:42:18+00:00\",\"breadcrumb\":{\"@id\":\"https:\\\/\\\/www.kochanhaengerwerke.de\\\/ratgeber\\\/ladungssicherung\\\/#breadcrumb\"},\"inLanguage\":\"de\",\"potentialAction\":[{\"@type\":\"ReadAction\",\"target\":[\"https:\\\/\\\/www.kochanhaengerwerke.de\\\/ratgeber\\\/ladungssicherung\\\/\"]}]},{\"@type\":\"BreadcrumbList\",\"@id\":\"https:\\\/\\\/www.kochanhaengerwerke.de\\\/ratgeber\\\/ladungssicherung\\\/#breadcrumb\",\"itemListElement\":[{\"@type\":\"ListItem\",\"position\":1,\"name\":\"Startseite\",\"item\":\"https:\\\/\\\/www.kochanhaengerwerke.de\\\/ratgeber\\\/\"},{\"@type\":\"ListItem\",\"position\":2,\"name\":\"Ladungssicherung\"}]},{\"@type\":\"WebSite\",\"@id\":\"https:\\\/\\\/www.kochanhaengerwerke.de\\\/ratgeber\\\/#website\",\"url\":\"https:\\\/\\\/www.kochanhaengerwerke.de\\\/ratgeber\\\/\",\"name\":\"Koch Anh\u00e4ngerwerke Ratgeber\",\"description\":\"Der Ratgeber rund um das Thema Anh\u00e4nger\",\"potentialAction\":[{\"@type\":\"SearchAction\",\"target\":{\"@type\":\"EntryPoint\",\"urlTemplate\":\"https:\\\/\\\/www.kochanhaengerwerke.de\\\/ratgeber\\\/?s={search_term_string}\"},\"query-input\":{\"@type\":\"PropertyValueSpecification\",\"valueRequired\":true,\"valueName\":\"search_term_string\"}}],\"inLanguage\":\"de\"}]}<\/script>\n<!-- \/ Yoast SEO plugin. -->","yoast_head_json":{"title":"Ladungssicherung - Koch Anh\u00e4ngerwerke Ratgeber","robots":{"index":"index","follow":"follow","max-snippet":"max-snippet:-1","max-image-preview":"max-image-preview:large","max-video-preview":"max-video-preview:-1"},"canonical":"https:\/\/www.kochanhaengerwerke.de\/ratgeber\/ladungssicherung\/","og_locale":"de_DE","og_type":"article","og_title":"Ladungssicherung - Koch Anh\u00e4ngerwerke Ratgeber","og_url":"https:\/\/www.kochanhaengerwerke.de\/ratgeber\/ladungssicherung\/","og_site_name":"Koch Anh\u00e4ngerwerke Ratgeber","article_modified_time":"2023-01-17T08:42:18+00:00","twitter_card":"summary_large_image","twitter_misc":{"Gesch\u00e4tzte Lesezeit":"1\u00a0Minute"},"schema":{"@context":"https:\/\/schema.org","@graph":[{"@type":"WebPage","@id":"https:\/\/www.kochanhaengerwerke.de\/ratgeber\/ladungssicherung\/","url":"https:\/\/www.kochanhaengerwerke.de\/ratgeber\/ladungssicherung\/","name":"Ladungssicherung - Koch Anh\u00e4ngerwerke Ratgeber","isPartOf":{"@id":"https:\/\/www.kochanhaengerwerke.de\/ratgeber\/#website"},"datePublished":"2022-12-16T09:23:18+00:00","dateModified":"2023-01-17T08:42:18+00:00","breadcrumb":{"@id":"https:\/\/www.kochanhaengerwerke.de\/ratgeber\/ladungssicherung\/#breadcrumb"},"inLanguage":"de","potentialAction":[{"@type":"ReadAction","target":["https:\/\/www.kochanhaengerwerke.de\/ratgeber\/ladungssicherung\/"]}]},{"@type":"BreadcrumbList","@id":"https:\/\/www.kochanhaengerwerke.de\/ratgeber\/ladungssicherung\/#breadcrumb","itemListElement":[{"@type":"ListItem","position":1,"name":"Startseite","item":"https:\/\/www.kochanhaengerwerke.de\/ratgeber\/"},{"@type":"ListItem","position":2,"name":"Ladungssicherung"}]},{"@type":"WebSite","@id":"https:\/\/www.kochanhaengerwerke.de\/ratgeber\/#website","url":"https:\/\/www.kochanhaengerwerke.de\/ratgeber\/","name":"Koch Anh\u00e4ngerwerke Ratgeber","description":"Der Ratgeber rund um das Thema Anh\u00e4nger","potentialAction":[{"@type":"SearchAction","target":{"@type":"EntryPoint","urlTemplate":"https:\/\/www.kochanhaengerwerke.de\/ratgeber\/?s={search_term_string}"},"query-input":{"@type":"PropertyValueSpecification","valueRequired":true,"valueName":"search_term_string"}}],"inLanguage":"de"}]}},"_links":{"self":[{"href":"https:\/\/www.kochanhaengerwerke.de\/ratgeber\/wp-json\/wp\/v2\/pages\/87","targetHints":{"allow":["GET"]}}],"collection":[{"href":"https:\/\/www.kochanhaengerwerke.de\/ratgeber\/wp-json\/wp\/v2\/pages"}],"about":[{"href":"https:\/\/www.kochanhaengerwerke.de\/ratgeber\/wp-json\/wp\/v2\/types\/page"}],"author":[{"embeddable":true,"href":"https:\/\/www.kochanhaengerwerke.de\/ratgeber\/wp-json\/wp\/v2\/users\/1"}],"replies":[{"embeddable":true,"href":"https:\/\/www.kochanhaengerwerke.de\/ratgeber\/wp-json\/wp\/v2\/comments?post=87"}],"version-history":[{"count":4,"href":"https:\/\/www.kochanhaengerwerke.de\/ratgeber\/wp-json\/wp\/v2\/pages\/87\/revisions"}],"predecessor-version":[{"id":173,"href":"https:\/\/www.kochanhaengerwerke.de\/ratgeber\/wp-json\/wp\/v2\/pages\/87\/revisions\/173"}],"wp:attachment":[{"href":"https:\/\/www.kochanhaengerwerke.de\/ratgeber\/wp-json\/wp\/v2\/media?parent=87"}],"curies":[{"name":"wp","href":"https:\/\/api.w.org\/{rel}","templated":true}]}}